{"id":2218,"date":"2023-03-17T12:06:56","date_gmt":"2023-03-17T12:06:56","guid":{"rendered":"https:\/\/tecnologia.vamtam.com\/?page_id=2218"},"modified":"2024-07-22T13:35:03","modified_gmt":"2024-07-22T13:35:03","slug":"compliance-conduta-etica-sw","status":"publish","type":"page","link":"https:\/\/swtecnologia.com.br\/site\/compliance-conduta-etica-sw\/","title":{"rendered":"Compliance"},"content":{"rendered":"\t\t<div data-elementor-type=\"wp-page\" data-elementor-id=\"2218\" class=\"elementor elementor-2218\" data-elementor-settings=\"{&quot;ha_cmc_init_switcher&quot;:&quot;no&quot;}\" data-elementor-post-type=\"page\">\n\t\t\t\t\t\t<section class=\"elementor-section elementor-top-section elementor-element elementor-element-c5b6a38 elementor-section-boxed elementor-section-height-default elementor-section-height-default\" data-id=\"c5b6a38\" data-element_type=\"section\" data-e-type=\"section\" data-settings=\"{&quot;_ha_eqh_enable&quot;:false}\">\n\t\t\t\t\t\t<div class=\"elementor-container elementor-column-gap-default\">\n\t\t\t\t\t<div class=\"elementor-column elementor-col-100 elementor-top-column elementor-element elementor-element-cda3084\" data-id=\"cda3084\" data-element_type=\"column\" data-e-type=\"column\">\n\t\t\t<div class=\"elementor-widget-wrap elementor-element-populated\">\n\t\t\t\t\t\t<div class=\"elementor-element elementor-element-9cd4847 animated-slow elementor-invisible elementor-widget elementor-widget-heading\" data-id=\"9cd4847\" data-element_type=\"widget\" data-e-type=\"widget\" data-settings=\"{&quot;_animation&quot;:&quot;fadeIn&quot;,&quot;_animation_tablet&quot;:&quot;none&quot;}\" data-widget_type=\"heading.default\">\n\t\t\t\t<div class=\"elementor-widget-container\">\n\t\t\t\t\t<h1 class=\"elementor-heading-title elementor-size-default\">Conduta \u00c9tica SW<\/h1>\t\t\t\t<\/div>\n\t\t\t\t<\/div>\n\t\t\t\t<div class=\"elementor-element elementor-element-3c03485 elementor-widget elementor-widget-spacer\" data-id=\"3c03485\" data-element_type=\"widget\" data-e-type=\"widget\" data-widget_type=\"spacer.default\">\n\t\t\t\t<div class=\"elementor-widget-container\">\n\t\t\t\t\t\t\t<div class=\"elementor-spacer\">\n\t\t\t<div class=\"elementor-spacer-inner\"><\/div>\n\t\t<\/div>\n\t\t\t\t\t\t<\/div>\n\t\t\t\t<\/div>\n\t\t\t\t\t<\/div>\n\t\t<\/div>\n\t\t\t\t\t<\/div>\n\t\t<\/section>\n\t\t\t\t<section class=\"elementor-section elementor-top-section elementor-element elementor-element-fc7247f elementor-hidden-mobile elementor-section-boxed elementor-section-height-default elementor-section-height-default\" data-id=\"fc7247f\" data-element_type=\"section\" data-e-type=\"section\" data-settings=\"{&quot;animation&quot;:&quot;none&quot;,&quot;animation_tablet&quot;:&quot;none&quot;,&quot;_ha_eqh_enable&quot;:false}\">\n\t\t\t\t\t\t<div class=\"elementor-container elementor-column-gap-default\">\n\t\t\t\t\t<div class=\"elementor-column elementor-col-100 elementor-top-column elementor-element elementor-element-5aa7b86\" data-id=\"5aa7b86\" data-element_type=\"column\" data-e-type=\"column\" data-settings=\"{&quot;background_background&quot;:&quot;classic&quot;}\">\n\t\t\t<div class=\"elementor-widget-wrap elementor-element-populated\">\n\t\t\t\t\t\t<div class=\"elementor-element elementor-element-ddfc2f7 elementor-widget elementor-widget-spacer\" data-id=\"ddfc2f7\" data-element_type=\"widget\" data-e-type=\"widget\" data-widget_type=\"spacer.default\">\n\t\t\t\t<div class=\"elementor-widget-container\">\n\t\t\t\t\t\t\t<div class=\"elementor-spacer\">\n\t\t\t<div class=\"elementor-spacer-inner\"><\/div>\n\t\t<\/div>\n\t\t\t\t\t\t<\/div>\n\t\t\t\t<\/div>\n\t\t\t\t\t<\/div>\n\t\t<\/div>\n\t\t\t\t\t<\/div>\n\t\t<\/section>\n\t\t\t\t<section class=\"elementor-section elementor-top-section elementor-element elementor-element-47873c3 elementor-hidden-desktop elementor-hidden-tablet elementor-section-boxed elementor-section-height-default elementor-section-height-default\" data-id=\"47873c3\" data-element_type=\"section\" data-e-type=\"section\" data-settings=\"{&quot;animation&quot;:&quot;none&quot;,&quot;animation_tablet&quot;:&quot;none&quot;,&quot;_ha_eqh_enable&quot;:false}\">\n\t\t\t\t\t\t<div class=\"elementor-container elementor-column-gap-default\">\n\t\t\t\t\t<div class=\"elementor-column elementor-col-100 elementor-top-column elementor-element elementor-element-e28e28f\" data-id=\"e28e28f\" data-element_type=\"column\" data-e-type=\"column\" data-settings=\"{&quot;background_background&quot;:&quot;classic&quot;}\">\n\t\t\t<div class=\"elementor-widget-wrap elementor-element-populated\">\n\t\t\t\t\t\t<div class=\"elementor-element elementor-element-97ca306 elementor-widget elementor-widget-spacer\" data-id=\"97ca306\" data-element_type=\"widget\" data-e-type=\"widget\" data-widget_type=\"spacer.default\">\n\t\t\t\t<div class=\"elementor-widget-container\">\n\t\t\t\t\t\t\t<div class=\"elementor-spacer\">\n\t\t\t<div class=\"elementor-spacer-inner\"><\/div>\n\t\t<\/div>\n\t\t\t\t\t\t<\/div>\n\t\t\t\t<\/div>\n\t\t\t\t\t<\/div>\n\t\t<\/div>\n\t\t\t\t\t<\/div>\n\t\t<\/section>\n\t\t\t\t<section class=\"elementor-section elementor-top-section elementor-element elementor-element-2d17358 elementor-section-boxed elementor-section-height-default elementor-section-height-default\" data-id=\"2d17358\" data-element_type=\"section\" data-e-type=\"section\" data-settings=\"{&quot;_ha_eqh_enable&quot;:false}\">\n\t\t\t\t\t\t<div class=\"elementor-container elementor-column-gap-no\">\n\t\t\t\t\t<div class=\"elementor-column elementor-col-100 elementor-top-column elementor-element elementor-element-6e9e7c4\" data-id=\"6e9e7c4\" data-element_type=\"column\" data-e-type=\"column\">\n\t\t\t<div class=\"elementor-widget-wrap elementor-element-populated\">\n\t\t\t\t\t\t<div class=\"vamtam-has-theme-widget-styles elementor-element elementor-element-969f69a elementor-widget elementor-widget-text-editor\" data-id=\"969f69a\" data-element_type=\"widget\" data-e-type=\"widget\" data-widget_type=\"text-editor.default\">\n\t\t\t\t<div class=\"elementor-widget-container\">\n\t\t\t\t\t\t\t\t\t<p>Somos uma empresa de solu\u00e7\u00f5es corporativas fundada em 1999, especializada em consultoria e tecnologia da informa\u00e7\u00e3o, desenvolvendo as melhores pr\u00e1ticas de gest\u00e3o focadas nos resultados de nossos clientes.<\/p>\n<p>Temos como miss\u00e3o desenvolver solu\u00e7\u00f5es tecnol\u00f3gicas em gest\u00e3o corporativa para nossos clientes se manterem sempre \u00e0 frente.<\/p>\n<p>Para isso, temos o compromisso de seguir os mais altos padr\u00f5es de \u00e9tica, integridade e transpar\u00eancia em nossas atividades, respeitando as leis, normas e regulamentos aplic\u00e1veis ao nosso neg\u00f3cio.<\/p>\n<h3>O que \u00e9 compliance?<\/h3>\n<p>Compliance significa estar em conformidade com as leis, padr\u00f5es \u00e9ticos, regulamentos internos e externos. Sua fun\u00e7\u00e3o \u00e9 minimizar riscos e guiar o comportamento de empresas diante do mercado em que atuam.<\/p>\n<p>O compliance envolve a ado\u00e7\u00e3o de pol\u00edticas, procedimentos e controles internos que visam prevenir, detectar e corrigir eventuais desvios ou inconformidades que possam comprometer a reputa\u00e7\u00e3o, a credibilidade e a sustentabilidade da empresa.<\/p>\n<h3>Por que o compliance \u00e9 importante?<\/h3>\n<p>O compliance \u00e9 importante porque contribui para:<\/p>\n<ul>\n<li>Proteger a empresa de riscos legais, financeiros e reputacionais;<\/li>\n<li>Fortalecer a governan\u00e7a corporativa e a cultura \u00e9tica da empresa;<\/li>\n<li>Melhorar o relacionamento com clientes, colaboradores, fornecedores e parceiros;<\/li>\n<li>Aumentar a competitividade e a performance da empresa no mercado;<\/li>\n<li>Gerar valor para os acionistas e demais stakeholders da empresa.<\/li>\n<\/ul><div><h3 style=\"font-style: normal; font-variant-ligatures: normal; font-variant-caps: normal; font-weight: var( --e-global-typography-vamtam_h3-font-weight ); font-size: var( --e-global-typography-vamtam_h3-font-size ); line-height: var( --e-global-typography-vamtam_h3-line-height ); font-family: var( --e-global-typography-vamtam_h3-font-family ), Sans-serif; letter-spacing: normal; text-transform: none; text-decoration-thickness: initial; text-decoration-style: initial; text-decoration-color: initial; word-spacing: 0px;\">Nosso posicionamento<\/h3><\/div>\n<p>A SW Tecnologia espera que todos os seus colaboradores, fornecedores e parceiros se comprometam com o cumprimento do C\u00f3digo de Conduta e das leis aplic\u00e1veis ao seu neg\u00f3cio, agindo sempre com \u00e9tica, integridade e transpar\u00eancia.<\/p>\n<p>N\u00e3o toleramos qualquer forma de corrup\u00e7\u00e3o, fraude, lavagem de dinheiro, concorr\u00eancia desleal ou discrimina\u00e7\u00e3o em suas atividades.<\/p>\n<p>Incentivamos que qualquer pessoa que tenha conhecimento ou suspeita de alguma irregularidade envolvendo a empresa ou seus relacionamentos reporte imediatamente pelo Canal de Den\u00fancias.<\/p>\n<p>Garantimos que todas as den\u00fancias ser\u00e3o tratadas com sigilo, isen\u00e7\u00e3o e celeridade, respeitando o direito ao contradit\u00f3rio e \u00e0 ampla defesa dos envolvidos.<\/p>\n<p>N\u00e3o admitimos qualquer tipo de retalia\u00e7\u00e3o contra quem denuncia boa-f\u00e9.<\/p>\n<p><strong>Canal de Den\u00fancias: compliance@swtecnologia.com.br<\/strong><\/p>\t\t\t\t\t\t\t\t<\/div>\n\t\t\t\t<\/div>\n\t\t\t\t\t<\/div>\n\t\t<\/div>\n\t\t\t\t\t<\/div>\n\t\t<\/section>\n\t\t\t\t<\/div>\n\t\t","protected":false},"excerpt":{"rendered":"<p>We\u2019re the most trusted IT folks in NY<\/p>\n","protected":false},"author":1,"featured_media":0,"parent":0,"menu_order":0,"comment_status":"closed","ping_status":"closed","template":"","meta":{"_uf_show_specific_survey":0,"_uf_disable_surveys":false,"footnotes":""},"class_list":["post-2218","page","type-page","status-publish","hentry"],"yoast_head":"<!-- This site is optimized with the Yoast SEO plugin v27.3 - https:\/\/yoast.com\/product\/yoast-seo-wordpress\/ -->\n<title>Conduta \u00c9tica SW - Compliance - SW Tecnologia<\/title>\n<meta name=\"description\" content=\"Compliance - Conduta \u00c9tica SW - Seguimos os mais altos padr\u00f5es de \u00e9tica, integridade e transpar\u00eancia em nossas atividades.\" \/>\n<meta name=\"robots\" content=\"index, follow, max-snippet:-1, max-image-preview:large, max-video-preview:-1\" \/>\n<link rel=\"canonical\" href=\"https:\/\/swtecnologia.com.br\/site\/compliance-conduta-etica-sw\/\" \/>\n<meta property=\"og:locale\" content=\"pt_BR\" \/>\n<meta property=\"og:type\" content=\"article\" \/>\n<meta property=\"og:title\" content=\"Conduta \u00c9tica SW - Compliance - SW Tecnologia\" \/>\n<meta property=\"og:description\" content=\"Compliance - Conduta \u00c9tica SW - Seguimos os mais altos padr\u00f5es de \u00e9tica, integridade e transpar\u00eancia em nossas atividades.\" \/>\n<meta property=\"og:url\" content=\"https:\/\/swtecnologia.com.br\/site\/compliance-conduta-etica-sw\/\" \/>\n<meta property=\"og:site_name\" content=\"SW Tecnologia\" \/>\n<meta property=\"article:publisher\" content=\"https:\/\/www.facebook.com\/swtecnologiaemgestao\/\" \/>\n<meta property=\"article:modified_time\" content=\"2024-07-22T13:35:03+00:00\" \/>\n<meta name=\"twitter:card\" content=\"summary_large_image\" \/>\n<meta name=\"twitter:label1\" content=\"Est. tempo de leitura\" \/>\n\t<meta name=\"twitter:data1\" content=\"2 minutos\" \/>\n<script type=\"application\/ld+json\" class=\"yoast-schema-graph\">{\"@context\":\"https:\\\/\\\/schema.org\",\"@graph\":[{\"@type\":\"WebPage\",\"@id\":\"https:\\\/\\\/swtecnologia.com.br\\\/site\\\/compliance-conduta-etica-sw\\\/\",\"url\":\"https:\\\/\\\/swtecnologia.com.br\\\/site\\\/compliance-conduta-etica-sw\\\/\",\"name\":\"Conduta \u00c9tica SW - Compliance - SW Tecnologia\",\"isPartOf\":{\"@id\":\"https:\\\/\\\/swtecnologia.com.br\\\/site\\\/#website\"},\"datePublished\":\"2023-03-17T12:06:56+00:00\",\"dateModified\":\"2024-07-22T13:35:03+00:00\",\"description\":\"Compliance - Conduta \u00c9tica SW - Seguimos os mais altos padr\u00f5es de \u00e9tica, integridade e transpar\u00eancia em nossas atividades.\",\"breadcrumb\":{\"@id\":\"https:\\\/\\\/swtecnologia.com.br\\\/site\\\/compliance-conduta-etica-sw\\\/#breadcrumb\"},\"inLanguage\":\"pt-BR\",\"potentialAction\":[{\"@type\":\"ReadAction\",\"target\":[\"https:\\\/\\\/swtecnologia.com.br\\\/site\\\/compliance-conduta-etica-sw\\\/\"]}]},{\"@type\":\"BreadcrumbList\",\"@id\":\"https:\\\/\\\/swtecnologia.com.br\\\/site\\\/compliance-conduta-etica-sw\\\/#breadcrumb\",\"itemListElement\":[{\"@type\":\"ListItem\",\"position\":1,\"name\":\"In\u00edcio\",\"item\":\"https:\\\/\\\/swtecnologia.com.br\\\/site\\\/\"},{\"@type\":\"ListItem\",\"position\":2,\"name\":\"Compliance\"}]},{\"@type\":\"WebSite\",\"@id\":\"https:\\\/\\\/swtecnologia.com.br\\\/site\\\/#website\",\"url\":\"https:\\\/\\\/swtecnologia.com.br\\\/site\\\/\",\"name\":\"Consultoria e Sistema para TRR\",\"description\":\"A solu\u00e7\u00e3o definitiva para o seu TRR\",\"publisher\":{\"@id\":\"https:\\\/\\\/swtecnologia.com.br\\\/site\\\/#organization\"},\"potentialAction\":[{\"@type\":\"SearchAction\",\"target\":{\"@type\":\"EntryPoint\",\"urlTemplate\":\"https:\\\/\\\/swtecnologia.com.br\\\/site\\\/?s={search_term_string}\"},\"query-input\":{\"@type\":\"PropertyValueSpecification\",\"valueRequired\":true,\"valueName\":\"search_term_string\"}}],\"inLanguage\":\"pt-BR\"},{\"@type\":\"Organization\",\"@id\":\"https:\\\/\\\/swtecnologia.com.br\\\/site\\\/#organization\",\"name\":\"SW Tecnologia\",\"url\":\"https:\\\/\\\/swtecnologia.com.br\\\/site\\\/\",\"logo\":{\"@type\":\"ImageObject\",\"inLanguage\":\"pt-BR\",\"@id\":\"https:\\\/\\\/swtecnologia.com.br\\\/site\\\/#\\\/schema\\\/logo\\\/image\\\/\",\"url\":\"https:\\\/\\\/swtecnologia.com.br\\\/site\\\/wp-content\\\/uploads\\\/2023\\\/03\\\/logo-002.png\",\"contentUrl\":\"https:\\\/\\\/swtecnologia.com.br\\\/site\\\/wp-content\\\/uploads\\\/2023\\\/03\\\/logo-002.png\",\"width\":1666,\"height\":925,\"caption\":\"SW Tecnologia\"},\"image\":{\"@id\":\"https:\\\/\\\/swtecnologia.com.br\\\/site\\\/#\\\/schema\\\/logo\\\/image\\\/\"},\"sameAs\":[\"https:\\\/\\\/www.facebook.com\\\/swtecnologiaemgestao\\\/\",\"https:\\\/\\\/www.linkedin.com\\\/company\\\/swtecnologiaemgestao\",\"https:\\\/\\\/www.instagram.com\\\/swtecnologiaemgestao\\\/\",\"https:\\\/\\\/www.youtube.com\\\/@swtecnologiaemgestao\"]}]}<\/script>\n<!-- \/ Yoast SEO plugin. -->","yoast_head_json":{"title":"Conduta \u00c9tica SW - Compliance - SW Tecnologia","description":"Compliance - Conduta \u00c9tica SW - Seguimos os mais altos padr\u00f5es de \u00e9tica, integridade e transpar\u00eancia em nossas atividades.","robots":{"index":"index","follow":"follow","max-snippet":"max-snippet:-1","max-image-preview":"max-image-preview:large","max-video-preview":"max-video-preview:-1"},"canonical":"https:\/\/swtecnologia.com.br\/site\/compliance-conduta-etica-sw\/","og_locale":"pt_BR","og_type":"article","og_title":"Conduta \u00c9tica SW - Compliance - SW Tecnologia","og_description":"Compliance - Conduta \u00c9tica SW - Seguimos os mais altos padr\u00f5es de \u00e9tica, integridade e transpar\u00eancia em nossas atividades.","og_url":"https:\/\/swtecnologia.com.br\/site\/compliance-conduta-etica-sw\/","og_site_name":"SW Tecnologia","article_publisher":"https:\/\/www.facebook.com\/swtecnologiaemgestao\/","article_modified_time":"2024-07-22T13:35:03+00:00","twitter_card":"summary_large_image","twitter_misc":{"Est. tempo de leitura":"2 minutos"},"schema":{"@context":"https:\/\/schema.org","@graph":[{"@type":"WebPage","@id":"https:\/\/swtecnologia.com.br\/site\/compliance-conduta-etica-sw\/","url":"https:\/\/swtecnologia.com.br\/site\/compliance-conduta-etica-sw\/","name":"Conduta \u00c9tica SW - Compliance - SW Tecnologia","isPartOf":{"@id":"https:\/\/swtecnologia.com.br\/site\/#website"},"datePublished":"2023-03-17T12:06:56+00:00","dateModified":"2024-07-22T13:35:03+00:00","description":"Compliance - Conduta \u00c9tica SW - Seguimos os mais altos padr\u00f5es de \u00e9tica, integridade e transpar\u00eancia em nossas atividades.","breadcrumb":{"@id":"https:\/\/swtecnologia.com.br\/site\/compliance-conduta-etica-sw\/#breadcrumb"},"inLanguage":"pt-BR","potentialAction":[{"@type":"ReadAction","target":["https:\/\/swtecnologia.com.br\/site\/compliance-conduta-etica-sw\/"]}]},{"@type":"BreadcrumbList","@id":"https:\/\/swtecnologia.com.br\/site\/compliance-conduta-etica-sw\/#breadcrumb","itemListElement":[{"@type":"ListItem","position":1,"name":"In\u00edcio","item":"https:\/\/swtecnologia.com.br\/site\/"},{"@type":"ListItem","position":2,"name":"Compliance"}]},{"@type":"WebSite","@id":"https:\/\/swtecnologia.com.br\/site\/#website","url":"https:\/\/swtecnologia.com.br\/site\/","name":"Consultoria e Sistema para TRR","description":"A solu\u00e7\u00e3o definitiva para o seu TRR","publisher":{"@id":"https:\/\/swtecnologia.com.br\/site\/#organization"},"potentialAction":[{"@type":"SearchAction","target":{"@type":"EntryPoint","urlTemplate":"https:\/\/swtecnologia.com.br\/site\/?s={search_term_string}"},"query-input":{"@type":"PropertyValueSpecification","valueRequired":true,"valueName":"search_term_string"}}],"inLanguage":"pt-BR"},{"@type":"Organization","@id":"https:\/\/swtecnologia.com.br\/site\/#organization","name":"SW Tecnologia","url":"https:\/\/swtecnologia.com.br\/site\/","logo":{"@type":"ImageObject","inLanguage":"pt-BR","@id":"https:\/\/swtecnologia.com.br\/site\/#\/schema\/logo\/image\/","url":"https:\/\/swtecnologia.com.br\/site\/wp-content\/uploads\/2023\/03\/logo-002.png","contentUrl":"https:\/\/swtecnologia.com.br\/site\/wp-content\/uploads\/2023\/03\/logo-002.png","width":1666,"height":925,"caption":"SW Tecnologia"},"image":{"@id":"https:\/\/swtecnologia.com.br\/site\/#\/schema\/logo\/image\/"},"sameAs":["https:\/\/www.facebook.com\/swtecnologiaemgestao\/","https:\/\/www.linkedin.com\/company\/swtecnologiaemgestao","https:\/\/www.instagram.com\/swtecnologiaemgestao\/","https:\/\/www.youtube.com\/@swtecnologiaemgestao"]}]}},"_links":{"self":[{"href":"https:\/\/swtecnologia.com.br\/site\/wp-json\/wp\/v2\/pages\/2218","targetHints":{"allow":["GET"]}}],"collection":[{"href":"https:\/\/swtecnologia.com.br\/site\/wp-json\/wp\/v2\/pages"}],"about":[{"href":"https:\/\/swtecnologia.com.br\/site\/wp-json\/wp\/v2\/types\/page"}],"author":[{"embeddable":true,"href":"https:\/\/swtecnologia.com.br\/site\/wp-json\/wp\/v2\/users\/1"}],"replies":[{"embeddable":true,"href":"https:\/\/swtecnologia.com.br\/site\/wp-json\/wp\/v2\/comments?post=2218"}],"version-history":[{"count":22,"href":"https:\/\/swtecnologia.com.br\/site\/wp-json\/wp\/v2\/pages\/2218\/revisions"}],"predecessor-version":[{"id":991789,"href":"https:\/\/swtecnologia.com.br\/site\/wp-json\/wp\/v2\/pages\/2218\/revisions\/991789"}],"wp:attachment":[{"href":"https:\/\/swtecnologia.com.br\/site\/wp-json\/wp\/v2\/media?parent=2218"}],"curies":[{"name":"wp","href":"https:\/\/api.w.org\/{rel}","templated":true}]}}