{"id":1648,"date":"2023-03-16T13:53:41","date_gmt":"2023-03-16T13:53:41","guid":{"rendered":"https:\/\/tecnologia.vamtam.com\/?page_id=1648"},"modified":"2023-09-22T19:31:50","modified_gmt":"2023-09-22T19:31:50","slug":"politica-de-privacidade","status":"publish","type":"page","link":"https:\/\/swtecnologia.com.br\/site\/politica-de-privacidade\/","title":{"rendered":"Pol\u00edtica de Privacidade"},"content":{"rendered":"\t\t<div data-elementor-type=\"wp-page\" data-elementor-id=\"1648\" class=\"elementor elementor-1648\" data-elementor-settings=\"{&quot;ha_cmc_init_switcher&quot;:&quot;no&quot;}\" data-elementor-post-type=\"page\">\n\t\t\t\t\t\t<section class=\"elementor-section elementor-top-section elementor-element elementor-element-6c5644c elementor-section-boxed elementor-section-height-default elementor-section-height-default\" data-id=\"6c5644c\" data-element_type=\"section\" data-e-type=\"section\" data-settings=\"{&quot;_ha_eqh_enable&quot;:false}\">\n\t\t\t\t\t\t<div class=\"elementor-container elementor-column-gap-default\">\n\t\t\t\t\t<div class=\"elementor-column elementor-col-100 elementor-top-column elementor-element elementor-element-759c98e\" data-id=\"759c98e\" data-element_type=\"column\" data-e-type=\"column\">\n\t\t\t<div class=\"elementor-widget-wrap elementor-element-populated\">\n\t\t\t\t\t\t<div class=\"elementor-element elementor-element-9af75f0 animated-slow elementor-invisible elementor-widget elementor-widget-heading\" data-id=\"9af75f0\" data-element_type=\"widget\" data-e-type=\"widget\" data-settings=\"{&quot;_animation&quot;:&quot;fadeIn&quot;,&quot;_animation_tablet&quot;:&quot;none&quot;}\" data-widget_type=\"heading.default\">\n\t\t\t\t<div class=\"elementor-widget-container\">\n\t\t\t\t\t<h1 class=\"elementor-heading-title elementor-size-default\">Pol\u00edtica de Privacidade<\/h1>\t\t\t\t<\/div>\n\t\t\t\t<\/div>\n\t\t\t\t<div class=\"elementor-element elementor-element-88a728c animated-slow elementor-invisible elementor-widget elementor-widget-heading\" data-id=\"88a728c\" data-element_type=\"widget\" data-e-type=\"widget\" data-settings=\"{&quot;_animation&quot;:&quot;fadeIn&quot;,&quot;_animation_tablet&quot;:&quot;none&quot;,&quot;_animation_delay&quot;:300}\" data-widget_type=\"heading.default\">\n\t\t\t\t<div class=\"elementor-widget-container\">\n\t\t\t\t\t<p class=\"elementor-heading-title elementor-size-default\">SW Tecnologia<\/p>\t\t\t\t<\/div>\n\t\t\t\t<\/div>\n\t\t\t\t<div class=\"elementor-element elementor-element-31a03c4 elementor-widget elementor-widget-spacer\" data-id=\"31a03c4\" data-element_type=\"widget\" data-e-type=\"widget\" data-widget_type=\"spacer.default\">\n\t\t\t\t<div class=\"elementor-widget-container\">\n\t\t\t\t\t\t\t<div class=\"elementor-spacer\">\n\t\t\t<div class=\"elementor-spacer-inner\"><\/div>\n\t\t<\/div>\n\t\t\t\t\t\t<\/div>\n\t\t\t\t<\/div>\n\t\t\t\t\t<\/div>\n\t\t<\/div>\n\t\t\t\t\t<\/div>\n\t\t<\/section>\n\t\t\t\t<section class=\"elementor-section elementor-top-section elementor-element elementor-element-1fcb2d8 elementor-section-boxed elementor-section-height-default elementor-section-height-default\" data-id=\"1fcb2d8\" data-element_type=\"section\" data-e-type=\"section\" data-settings=\"{&quot;_ha_eqh_enable&quot;:false}\">\n\t\t\t\t\t\t<div class=\"elementor-container elementor-column-gap-no\">\n\t\t\t\t\t<div class=\"elementor-column elementor-col-100 elementor-top-column elementor-element elementor-element-5923213\" data-id=\"5923213\" data-element_type=\"column\" data-e-type=\"column\">\n\t\t\t<div class=\"elementor-widget-wrap elementor-element-populated\">\n\t\t\t\t\t\t<div class=\"elementor-element elementor-element-6acf5a5 elementor-widget elementor-widget-heading\" data-id=\"6acf5a5\" data-element_type=\"widget\" data-e-type=\"widget\" data-widget_type=\"heading.default\">\n\t\t\t\t<div class=\"elementor-widget-container\">\n\t\t\t\t\t<h3 class=\"elementor-heading-title elementor-size-default\">Quais s\u00e3o as informa\u00e7\u00f5es que coletamos?<\/h3>\t\t\t\t<\/div>\n\t\t\t\t<\/div>\n\t\t\t\t<div class=\"vamtam-has-theme-widget-styles elementor-element elementor-element-d10225c elementor-widget elementor-widget-text-editor\" data-id=\"d10225c\" data-element_type=\"widget\" data-e-type=\"widget\" data-widget_type=\"text-editor.default\">\n\t\t\t\t<div class=\"elementor-widget-container\">\n\t\t\t\t\t\t\t\t\t<p>Quando voc\u00ea interage conosco, podemos coletar seu nome, endere\u00e7o, endere\u00e7o(s) de e-mail, n\u00famero(s) de telefone e, quando apropriado, data de nascimento.<\/p>\t\t\t\t\t\t\t\t<\/div>\n\t\t\t\t<\/div>\n\t\t\t\t<div class=\"elementor-element elementor-element-4a7087e elementor-widget elementor-widget-heading\" data-id=\"4a7087e\" data-element_type=\"widget\" data-e-type=\"widget\" data-widget_type=\"heading.default\">\n\t\t\t\t<div class=\"elementor-widget-container\">\n\t\t\t\t\t<h3 class=\"elementor-heading-title elementor-size-default\">Como coletamos informa\u00e7\u00f5es?<\/h3>\t\t\t\t<\/div>\n\t\t\t\t<\/div>\n\t\t\t\t<div class=\"vamtam-has-theme-widget-styles elementor-element elementor-element-ff17bec elementor-widget elementor-widget-text-editor\" data-id=\"ff17bec\" data-element_type=\"widget\" data-e-type=\"widget\" data-widget_type=\"text-editor.default\">\n\t\t\t\t<div class=\"elementor-widget-container\">\n\t\t\t\t\t\t\t\t\t<p><span>Poderemos coletar informa\u00e7\u00f5es sobre voc\u00ea sempre que voc\u00ea interagir conosco.\u00a0<\/span><span>Por exemplo, quando voc\u00ea entra em contato sobre nossas atividades, registra-se como apoiador, envia ou recebe informa\u00e7\u00f5es ou assina uma peti\u00e7\u00e3o, voc\u00ea nos fornece espec\u00edfica e conscientemente suas informa\u00e7\u00f5es pessoais.\u00a0<\/span><span>Tamb\u00e9m poderemos receber informa\u00e7\u00f5es sobre voc\u00ea de terceiros \u2013 mas somente se voc\u00ea lhes tiver dado permiss\u00e3o para compartilhar suas informa\u00e7\u00f5es.<\/span><\/p>\t\t\t\t\t\t\t\t<\/div>\n\t\t\t\t<\/div>\n\t\t\t\t<div class=\"elementor-element elementor-element-066c896 elementor-widget elementor-widget-heading\" data-id=\"066c896\" data-element_type=\"widget\" data-e-type=\"widget\" data-widget_type=\"heading.default\">\n\t\t\t\t<div class=\"elementor-widget-container\">\n\t\t\t\t\t<h3 class=\"elementor-heading-title elementor-size-default\">Confidencialidade<\/h3>\t\t\t\t<\/div>\n\t\t\t\t<\/div>\n\t\t\t\t<div class=\"vamtam-has-theme-widget-styles elementor-element elementor-element-783a250 elementor-widget elementor-widget-text-editor\" data-id=\"783a250\" data-element_type=\"widget\" data-e-type=\"widget\" data-widget_type=\"text-editor.default\">\n\t\t\t\t<div class=\"elementor-widget-container\">\n\t\t\t\t\t\t\t\t\t<p>N\u00e3o seremos respons\u00e1veis pela privacidade dos dados coletados por sites que n\u00e3o sejam de propriedade ou gerenciados pela SW Tecnologia, incluindo aqueles vinculados atrav\u00e9s do nosso site.<\/p>\t\t\t\t\t\t\t\t<\/div>\n\t\t\t\t<\/div>\n\t\t\t\t<div class=\"elementor-element elementor-element-d40b075 elementor-widget elementor-widget-heading\" data-id=\"d40b075\" data-element_type=\"widget\" data-e-type=\"widget\" data-widget_type=\"heading.default\">\n\t\t\t\t<div class=\"elementor-widget-container\">\n\t\t\t\t\t<h3 class=\"elementor-heading-title elementor-size-default\">Fazendo uma reclama\u00e7\u00e3o<\/h3>\t\t\t\t<\/div>\n\t\t\t\t<\/div>\n\t\t\t\t<div class=\"vamtam-has-theme-widget-styles elementor-element elementor-element-9e1f706 elementor-widget elementor-widget-text-editor\" data-id=\"9e1f706\" data-element_type=\"widget\" data-e-type=\"widget\" data-widget_type=\"text-editor.default\">\n\t\t\t\t<div class=\"elementor-widget-container\">\n\t\t\t\t\t\t\t\t\t<p>Se voc\u00ea n\u00e3o estiver satisfeito com a resposta, entre em contato conosco pelo e-mail contato@swtecnologia.com.br com os detalhes que explicam suas preocupa\u00e7\u00f5es. Analisaremos sua reclama\u00e7\u00e3o e investigaremos se os procedimentos corretos foram seguidos e responderemos conforme apropriado. Pretendemos concluir esta investiga\u00e7\u00e3o no prazo de 15 dias \u00fateis ap\u00f3s recebermos a sua reclama\u00e7\u00e3o, no entanto, em alguns casos, poder\u00e1 demorar mais tempo. Se ainda n\u00e3o estiver satisfeito com a resposta, entre em contato conosco.<\/p>\t\t\t\t\t\t\t\t<\/div>\n\t\t\t\t<\/div>\n\t\t\t\t\t<\/div>\n\t\t<\/div>\n\t\t\t\t\t<\/div>\n\t\t<\/section>\n\t\t\t\t<\/div>\n\t\t","protected":false},"excerpt":{"rendered":"<p>Pol\u00edtica de Privacidade SW Tecnologia Quais s\u00e3o as informa\u00e7\u00f5es que coletamos? Quando voc\u00ea interage conosco, podemos coletar seu nome, endere\u00e7o, endere\u00e7o(s) de e-mail, n\u00famero(s) de telefone e, quando apropriado, data de nascimento. Como coletamos informa\u00e7\u00f5es? Poderemos coletar informa\u00e7\u00f5es sobre voc\u00ea sempre que voc\u00ea interagir conosco.\u00a0Por exemplo, quando voc\u00ea entra em contato sobre nossas atividades, registra-se&#8230;<\/p>\n","protected":false},"author":1,"featured_media":0,"parent":0,"menu_order":0,"comment_status":"closed","ping_status":"closed","template":"","meta":{"_uf_show_specific_survey":0,"_uf_disable_surveys":false,"footnotes":""},"class_list":["post-1648","page","type-page","status-publish","hentry"],"yoast_head":"<!-- This site is optimized with the Yoast SEO plugin v27.3 - https:\/\/yoast.com\/product\/yoast-seo-wordpress\/ -->\n<title>Pol\u00edtica de Privacidade - SW Tecnologia<\/title>\n<meta name=\"robots\" content=\"index, follow, max-snippet:-1, max-image-preview:large, max-video-preview:-1\" \/>\n<link rel=\"canonical\" href=\"https:\/\/swtecnologia.com.br\/site\/politica-de-privacidade\/\" \/>\n<meta property=\"og:locale\" content=\"pt_BR\" \/>\n<meta property=\"og:type\" content=\"article\" \/>\n<meta property=\"og:title\" content=\"Pol\u00edtica de Privacidade - SW Tecnologia\" \/>\n<meta property=\"og:description\" content=\"Pol\u00edtica de Privacidade SW Tecnologia Quais s\u00e3o as informa\u00e7\u00f5es que coletamos? Quando voc\u00ea interage conosco, podemos coletar seu nome, endere\u00e7o, endere\u00e7o(s) de e-mail, n\u00famero(s) de telefone e, quando apropriado, data de nascimento. Como coletamos informa\u00e7\u00f5es? Poderemos coletar informa\u00e7\u00f5es sobre voc\u00ea sempre que voc\u00ea interagir conosco.\u00a0Por exemplo, quando voc\u00ea entra em contato sobre nossas atividades, registra-se...\" \/>\n<meta property=\"og:url\" content=\"https:\/\/swtecnologia.com.br\/site\/politica-de-privacidade\/\" \/>\n<meta property=\"og:site_name\" content=\"SW Tecnologia\" \/>\n<meta property=\"article:publisher\" content=\"https:\/\/www.facebook.com\/swtecnologiaemgestao\/\" \/>\n<meta property=\"article:modified_time\" content=\"2023-09-22T19:31:50+00:00\" \/>\n<meta name=\"twitter:card\" content=\"summary_large_image\" \/>\n<meta name=\"twitter:label1\" content=\"Est. tempo de leitura\" \/>\n\t<meta name=\"twitter:data1\" content=\"1 minuto\" \/>\n<script type=\"application\/ld+json\" class=\"yoast-schema-graph\">{\"@context\":\"https:\\\/\\\/schema.org\",\"@graph\":[{\"@type\":\"WebPage\",\"@id\":\"https:\\\/\\\/swtecnologia.com.br\\\/site\\\/politica-de-privacidade\\\/\",\"url\":\"https:\\\/\\\/swtecnologia.com.br\\\/site\\\/politica-de-privacidade\\\/\",\"name\":\"Pol\u00edtica de Privacidade - SW Tecnologia\",\"isPartOf\":{\"@id\":\"https:\\\/\\\/swtecnologia.com.br\\\/site\\\/#website\"},\"datePublished\":\"2023-03-16T13:53:41+00:00\",\"dateModified\":\"2023-09-22T19:31:50+00:00\",\"breadcrumb\":{\"@id\":\"https:\\\/\\\/swtecnologia.com.br\\\/site\\\/politica-de-privacidade\\\/#breadcrumb\"},\"inLanguage\":\"pt-BR\",\"potentialAction\":[{\"@type\":\"ReadAction\",\"target\":[\"https:\\\/\\\/swtecnologia.com.br\\\/site\\\/politica-de-privacidade\\\/\"]}]},{\"@type\":\"BreadcrumbList\",\"@id\":\"https:\\\/\\\/swtecnologia.com.br\\\/site\\\/politica-de-privacidade\\\/#breadcrumb\",\"itemListElement\":[{\"@type\":\"ListItem\",\"position\":1,\"name\":\"In\u00edcio\",\"item\":\"https:\\\/\\\/swtecnologia.com.br\\\/site\\\/\"},{\"@type\":\"ListItem\",\"position\":2,\"name\":\"Pol\u00edtica de Privacidade\"}]},{\"@type\":\"WebSite\",\"@id\":\"https:\\\/\\\/swtecnologia.com.br\\\/site\\\/#website\",\"url\":\"https:\\\/\\\/swtecnologia.com.br\\\/site\\\/\",\"name\":\"Consultoria e Sistema para TRR\",\"description\":\"A solu\u00e7\u00e3o definitiva para o seu TRR\",\"publisher\":{\"@id\":\"https:\\\/\\\/swtecnologia.com.br\\\/site\\\/#organization\"},\"potentialAction\":[{\"@type\":\"SearchAction\",\"target\":{\"@type\":\"EntryPoint\",\"urlTemplate\":\"https:\\\/\\\/swtecnologia.com.br\\\/site\\\/?s={search_term_string}\"},\"query-input\":{\"@type\":\"PropertyValueSpecification\",\"valueRequired\":true,\"valueName\":\"search_term_string\"}}],\"inLanguage\":\"pt-BR\"},{\"@type\":\"Organization\",\"@id\":\"https:\\\/\\\/swtecnologia.com.br\\\/site\\\/#organization\",\"name\":\"SW Tecnologia\",\"url\":\"https:\\\/\\\/swtecnologia.com.br\\\/site\\\/\",\"logo\":{\"@type\":\"ImageObject\",\"inLanguage\":\"pt-BR\",\"@id\":\"https:\\\/\\\/swtecnologia.com.br\\\/site\\\/#\\\/schema\\\/logo\\\/image\\\/\",\"url\":\"https:\\\/\\\/swtecnologia.com.br\\\/site\\\/wp-content\\\/uploads\\\/2023\\\/03\\\/logo-002.png\",\"contentUrl\":\"https:\\\/\\\/swtecnologia.com.br\\\/site\\\/wp-content\\\/uploads\\\/2023\\\/03\\\/logo-002.png\",\"width\":1666,\"height\":925,\"caption\":\"SW Tecnologia\"},\"image\":{\"@id\":\"https:\\\/\\\/swtecnologia.com.br\\\/site\\\/#\\\/schema\\\/logo\\\/image\\\/\"},\"sameAs\":[\"https:\\\/\\\/www.facebook.com\\\/swtecnologiaemgestao\\\/\",\"https:\\\/\\\/www.linkedin.com\\\/company\\\/swtecnologiaemgestao\",\"https:\\\/\\\/www.instagram.com\\\/swtecnologiaemgestao\\\/\",\"https:\\\/\\\/www.youtube.com\\\/@swtecnologiaemgestao\"]}]}<\/script>\n<!-- \/ Yoast SEO plugin. -->","yoast_head_json":{"title":"Pol\u00edtica de Privacidade - SW Tecnologia","robots":{"index":"index","follow":"follow","max-snippet":"max-snippet:-1","max-image-preview":"max-image-preview:large","max-video-preview":"max-video-preview:-1"},"canonical":"https:\/\/swtecnologia.com.br\/site\/politica-de-privacidade\/","og_locale":"pt_BR","og_type":"article","og_title":"Pol\u00edtica de Privacidade - SW Tecnologia","og_description":"Pol\u00edtica de Privacidade SW Tecnologia Quais s\u00e3o as informa\u00e7\u00f5es que coletamos? Quando voc\u00ea interage conosco, podemos coletar seu nome, endere\u00e7o, endere\u00e7o(s) de e-mail, n\u00famero(s) de telefone e, quando apropriado, data de nascimento. Como coletamos informa\u00e7\u00f5es? Poderemos coletar informa\u00e7\u00f5es sobre voc\u00ea sempre que voc\u00ea interagir conosco.\u00a0Por exemplo, quando voc\u00ea entra em contato sobre nossas atividades, registra-se...","og_url":"https:\/\/swtecnologia.com.br\/site\/politica-de-privacidade\/","og_site_name":"SW Tecnologia","article_publisher":"https:\/\/www.facebook.com\/swtecnologiaemgestao\/","article_modified_time":"2023-09-22T19:31:50+00:00","twitter_card":"summary_large_image","twitter_misc":{"Est. tempo de leitura":"1 minuto"},"schema":{"@context":"https:\/\/schema.org","@graph":[{"@type":"WebPage","@id":"https:\/\/swtecnologia.com.br\/site\/politica-de-privacidade\/","url":"https:\/\/swtecnologia.com.br\/site\/politica-de-privacidade\/","name":"Pol\u00edtica de Privacidade - SW Tecnologia","isPartOf":{"@id":"https:\/\/swtecnologia.com.br\/site\/#website"},"datePublished":"2023-03-16T13:53:41+00:00","dateModified":"2023-09-22T19:31:50+00:00","breadcrumb":{"@id":"https:\/\/swtecnologia.com.br\/site\/politica-de-privacidade\/#breadcrumb"},"inLanguage":"pt-BR","potentialAction":[{"@type":"ReadAction","target":["https:\/\/swtecnologia.com.br\/site\/politica-de-privacidade\/"]}]},{"@type":"BreadcrumbList","@id":"https:\/\/swtecnologia.com.br\/site\/politica-de-privacidade\/#breadcrumb","itemListElement":[{"@type":"ListItem","position":1,"name":"In\u00edcio","item":"https:\/\/swtecnologia.com.br\/site\/"},{"@type":"ListItem","position":2,"name":"Pol\u00edtica de Privacidade"}]},{"@type":"WebSite","@id":"https:\/\/swtecnologia.com.br\/site\/#website","url":"https:\/\/swtecnologia.com.br\/site\/","name":"Consultoria e Sistema para TRR","description":"A solu\u00e7\u00e3o definitiva para o seu TRR","publisher":{"@id":"https:\/\/swtecnologia.com.br\/site\/#organization"},"potentialAction":[{"@type":"SearchAction","target":{"@type":"EntryPoint","urlTemplate":"https:\/\/swtecnologia.com.br\/site\/?s={search_term_string}"},"query-input":{"@type":"PropertyValueSpecification","valueRequired":true,"valueName":"search_term_string"}}],"inLanguage":"pt-BR"},{"@type":"Organization","@id":"https:\/\/swtecnologia.com.br\/site\/#organization","name":"SW Tecnologia","url":"https:\/\/swtecnologia.com.br\/site\/","logo":{"@type":"ImageObject","inLanguage":"pt-BR","@id":"https:\/\/swtecnologia.com.br\/site\/#\/schema\/logo\/image\/","url":"https:\/\/swtecnologia.com.br\/site\/wp-content\/uploads\/2023\/03\/logo-002.png","contentUrl":"https:\/\/swtecnologia.com.br\/site\/wp-content\/uploads\/2023\/03\/logo-002.png","width":1666,"height":925,"caption":"SW Tecnologia"},"image":{"@id":"https:\/\/swtecnologia.com.br\/site\/#\/schema\/logo\/image\/"},"sameAs":["https:\/\/www.facebook.com\/swtecnologiaemgestao\/","https:\/\/www.linkedin.com\/company\/swtecnologiaemgestao","https:\/\/www.instagram.com\/swtecnologiaemgestao\/","https:\/\/www.youtube.com\/@swtecnologiaemgestao"]}]}},"_links":{"self":[{"href":"https:\/\/swtecnologia.com.br\/site\/wp-json\/wp\/v2\/pages\/1648","targetHints":{"allow":["GET"]}}],"collection":[{"href":"https:\/\/swtecnologia.com.br\/site\/wp-json\/wp\/v2\/pages"}],"about":[{"href":"https:\/\/swtecnologia.com.br\/site\/wp-json\/wp\/v2\/types\/page"}],"author":[{"embeddable":true,"href":"https:\/\/swtecnologia.com.br\/site\/wp-json\/wp\/v2\/users\/1"}],"replies":[{"embeddable":true,"href":"https:\/\/swtecnologia.com.br\/site\/wp-json\/wp\/v2\/comments?post=1648"}],"version-history":[{"count":0,"href":"https:\/\/swtecnologia.com.br\/site\/wp-json\/wp\/v2\/pages\/1648\/revisions"}],"wp:attachment":[{"href":"https:\/\/swtecnologia.com.br\/site\/wp-json\/wp\/v2\/media?parent=1648"}],"curies":[{"name":"wp","href":"https:\/\/api.w.org\/{rel}","templated":true}]}}